{"id":2188,"date":"2022-02-10T11:34:06","date_gmt":"2022-02-10T11:34:06","guid":{"rendered":"https:\/\/liine.ee\/privaatsuspoliitika\/"},"modified":"2022-03-16T09:11:26","modified_gmt":"2022-03-16T09:11:26","slug":"tietosuojakaytanto","status":"publish","type":"page","link":"https:\/\/liine.ee\/fi\/tietosuojakaytanto\/","title":{"rendered":"LIINEN TIETOSUOJAK\u00c4YT\u00c4NT\u00d6"},"content":{"rendered":"\t\t<div data-elementor-type=\"wp-page\" data-elementor-id=\"2188\" class=\"elementor elementor-2188 elementor-3\" data-elementor-post-type=\"page\">\n\t\t\t\t\t\t<section class=\"elementor-section elementor-top-section elementor-element elementor-element-a70b117 elementor-section-boxed elementor-section-height-default elementor-section-height-default\" data-id=\"a70b117\" data-element_type=\"section\" data-settings=\"{&quot;jet_parallax_layout_list&quot;:[]}\">\n\t\t\t\t\t\t<div class=\"elementor-container elementor-column-gap-default\">\n\t\t\t\t\t<div class=\"elementor-column elementor-col-100 elementor-top-column elementor-element elementor-element-01300c7\" data-id=\"01300c7\" data-element_type=\"column\">\n\t\t\t<div class=\"elementor-widget-wrap elementor-element-populated\">\n\t\t\t\t\t\t<div class=\"elementor-element elementor-element-88b3c05 elementor-widget elementor-widget-text-editor\" data-id=\"88b3c05\" data-element_type=\"widget\" data-widget_type=\"text-editor.default\">\n\t\t\t\t<div class=\"elementor-widget-container\">\n\t\t\t<style>\/*! elementor - v3.23.0 - 05-08-2024 *\/\n.elementor-widget-text-editor.elementor-drop-cap-view-stacked .elementor-drop-cap{background-color:#69727d;color:#fff}.elementor-widget-text-editor.elementor-drop-cap-view-framed .elementor-drop-cap{color:#69727d;border:3px solid;background-color:transparent}.elementor-widget-text-editor:not(.elementor-drop-cap-view-default) .elementor-drop-cap{margin-top:8px}.elementor-widget-text-editor:not(.elementor-drop-cap-view-default) .elementor-drop-cap-letter{width:1em;height:1em}.elementor-widget-text-editor .elementor-drop-cap{float:left;text-align:center;line-height:1;font-size:50px}.elementor-widget-text-editor .elementor-drop-cap-letter{display:inline-block}<\/style>\t\t\t\t<p>Asiakkaiden parhaaksi palvelemiseksi ja sopimussuhteiden asianmukaisen hoitamiseksi LIINE-vierashuoneistot ker\u00e4\u00e4, tallentaa, toimittaa ja s\u00e4ilytt\u00e4\u00e4 asiakastietoja Viron tasavallan ja Euroopan unionin lains\u00e4\u00e4d\u00e4nn\u00f6n mukaisesti.<\/p><p>Verkkokaupan tilauksen ja oston yhteydess\u00e4 annetut henkil\u00f6tiedot ovat luottamuksellisia ja niit\u00e4 k\u00e4sitell\u00e4\u00e4n henkil\u00f6tietolain vaatimusten mukaisesti.<\/p><p>LIINE-vierashuoneistot ei luovuta asiakkaan henkil\u00f6tietoja kolmansille osapuolille ilman asiakkaan suostumusta, paitsi laissa s\u00e4\u00e4detyiss\u00e4 tapauksissa.<\/p><p>K\u00e4sitelt\u00e4vi\u00e4 henkil\u00f6tietoja ovat ostajalta tilauksen yhteydess\u00e4 pyydetyt tiedot (etu- ja sukunimi, puhelinnumero, s\u00e4hk\u00f6postiosoite).<\/p><p>Pankkilinkill\u00e4 ja\/tai pankkikortilla maksamisen turvallisuus on suojattu SSL-suojausprotokollalla, joka varmistaa, ett\u00e4 asiattomat henkil\u00f6t eiv\u00e4t voi siepata tai muuttaa vaihdettuja tietoja.<\/p><p>Montonio Finance O\u00dc:n maksusovellus pit\u00e4\u00e4 tilaajan korttitiedot turvassa eik\u00e4 jaa niit\u00e4 koskaan kauppiaille tai kolmansille osapuolille. Kauppiaan k\u00e4ytett\u00e4viss\u00e4 olevat tiedot rajoittuvat korttityyppiin (esim. \u00a0Visa v\u00f5i MasterCard) ja kahteen viimeiseen kortin numeroon.<\/p><p>Montonio Finance O\u00dc:n maksusovellus on PCI-DSS-yhteensopiva palveluntarjoaja, joka tarjoaa maksusovelluksia, mukaan lukien Visa- ja MasterCard-maksujen j\u00e4rjest\u00e4misen Euroopan Unionissa toimiville kauppiaille ja muille palveluntarjoajille. Mik\u00e4li syntyy tarve tilauksen peruuttamiseksi, muuttamiseksi tai rahan palauttamiseksi ehdoissa m\u00e4\u00e4ritellyiss\u00e4 tapauksissa ja laajuudessa, ostajalle maksettu summa palautetaan Montonio Finance O\u00dc:n suojatussa ymp\u00e4rist\u00f6ss\u00e4.<\/p><p>Varauskoneen toimittavalla yrityksell\u00e4 R&amp;P O\u00dc:ll\u00e4 on oikeus luovuttaa asiakkaan henkil\u00f6tiedot LIINE:n valtuutetuille k\u00e4sittelij\u00f6ille ker\u00e4ttyjen henkil\u00f6tietojen hy\u00f6dynt\u00e4miseksi tehokkaasti ja asiakkaalle parhaan palvelun tarjoamiseksi. LIINE-vierashuoneistot vastaa valtuutettujen k\u00e4sittelij\u00f6iden toiminnasta ja valtuutetut k\u00e4sittelij\u00e4t noudattavat t\u00e4ysin LIINE:n henkil\u00f6tietojen k\u00e4sittelyperiaatteita. Valtuutettu k\u00e4sittelij\u00e4 on LIINE, s\u00e4hk\u00f6postiosoite <a href=\"mailto:info@liine.ee\">info@liine.ee<\/a>.<\/p><p>Muiden tietojen ker\u00e4\u00e4minen &#8211; ker\u00e4\u00e4mme my\u00f6s ei-henkil\u00f6kohtaisia \u200b\u200btietoja, joita ei voida suoraan yhdist\u00e4\u00e4 tiettyyn henkil\u00f6\u00f6n (selainversio, kielivalinta, sijainti, sivulla vietetty aika tms.) ja joita k\u00e4sittelemme yleistettyn\u00e4 asiakask\u00e4ytt\u00e4ytymisen\u00e4 LIINE-vierasasuntojen varauskoneella. N\u00e4m\u00e4 tiedot kootaan ja k\u00e4ytet\u00e4\u00e4n varauskoneen palvelun\/tuotteen t\u00e4ydent\u00e4miseksi.<\/p><p>R&amp;P O\u00dc (varauskoneen toimittava yritys) ja LIINE-vierashuoneistot s\u00e4ilytt\u00e4v\u00e4t henkil\u00f6tietoja, kunnes se on tarpeen erilaisten tietojenk\u00e4sittelytavoitteiden toteuttamiseksi, kuitenkin enint\u00e4\u00e4n 7 vuotta tilauksessasi ilmoitetusta l\u00e4ht\u00f6p\u00e4iv\u00e4st\u00e4.<\/p><p>R&amp;P O\u00dc on henkil\u00f6tietojen vastuullinen k\u00e4sittelij\u00e4 ja R&amp;P O\u00dc toimittaa maksujen suorittamiseen tarvittavat henkil\u00f6tiedot valtuutetun k\u00e4sittelij\u00e4n Montonio Finance O\u00dc:n maksusovellukseen. Asiakkaalla on milloin tahansa oikeus saada p\u00e4\u00e4sy henkil\u00f6tietoihinsa ja tietoihin h\u00e4nen suorittamista \u200b\u200btoimista. Asiakkaalla on my\u00f6s oikeus milloin tahansa pyyt\u00e4\u00e4 oikaisua omiin henkil\u00f6tietoihinsa, jos tiedot ovat muuttuneet tai ovat jostain muusta syyst\u00e4 ep\u00e4tarkkoja. Jos haluat muuttaa\/t\u00e4ydent\u00e4\u00e4 tai poistaa tietoja, ota yhteytt\u00e4 LIINE-tiimiin s\u00e4hk\u00f6postiviestill\u00e4 osoitteeseen info@liine.ee.<\/p><p>Tietosuojak\u00e4yt\u00e4nn\u00f6n ehdot ja muutokset &#8211; k\u00e4ytt\u00e4m\u00e4ll\u00e4 varauskonetta olet tutustunut n\u00e4ihin periaatteisiin ja ehtoihin ja hyv\u00e4ksyt n\u00e4m\u00e4. Pid\u00e4t\u00e4mme oikeuden muuttaa tietosuojaselosteen yleisi\u00e4 ehtoja tarvittaessa ilmoittamalla siit\u00e4 LIINE-vierashuoneistojen verkkosivuilla. Jos sinulla on kysytt\u00e4v\u00e4\u00e4 tai huolenaiheita tietosuojaselosteesta tai tietojenk\u00e4sittelyst\u00e4, ota meihin yhteytt\u00e4 s\u00e4hk\u00f6postitse <a href=\"mailto:info@liine.ee\">info@liine.ee<\/a>.<\/p><p>\u00a0<\/p>\t\t\t\t\t\t<\/div>\n\t\t\t\t<\/div>\n\t\t\t\t\t<\/div>\n\t\t<\/div>\n\t\t\t\t\t<\/div>\n\t\t<\/section>\n\t\t\t\t<\/div>\n\t\t","protected":false},"excerpt":{"rendered":"<p>Klientide parimaks teenindamiseks ja lepinguliste suhete korrektseks t\u00e4itmiseks kogub, s\u00e4ilitab, avaldab, edastab ja talletab LIINE k\u00fclaliskorterid klientide andmeid vastavalt Eesti Vabariigi seadustele ja Euroopa Liidu \u00f5igusaktidele.&nbsp; E-poe tellimuse ja ostu sooritamisel esitatud isikuandmed on konfidentsiaalsed ja neid t\u00f6\u00f6deldakse vastavalt isikuandmete seaduse n\u00f5uetele. LIINE k\u00fclaliskorterid ei avalikusta kliendi isikuandmeid kolmandatele osapooltele ilma Kliendi n\u00f5usolekuta, v\u00e4lja arvatud [&hellip;]<\/p>\n","protected":false},"author":1,"featured_media":0,"parent":0,"menu_order":0,"comment_status":"closed","ping_status":"closed","template":"","meta":{"footnotes":""},"class_list":["post-2188","page","type-page","status-publish","hentry"],"yoast_head":"<!-- This site is optimized with the Yoast SEO plugin v23.3 - https:\/\/yoast.com\/wordpress\/plugins\/seo\/ -->\n<title>TIETOSUOJAK\u00c4YT\u00c4NT\u00d6 - Liine-vierashuoneistot<\/title>\n<meta name=\"description\" content=\"Asiakkaiden parhaaksi palvelemiseksi ja sopimussuhteiden asianmukaisen hoitamiseksi LIINE-vierashuoneistot ker\u00e4\u00e4, tallentaa, toimittaa ja s\u00e4ilytt\u00e4\u00e4 asiakastietoja Viron tasavallan ja Euroopan unionin lains\u00e4\u00e4d\u00e4nn\u00f6n mukaisesti.\" \/>\n<meta name=\"robots\" content=\"index, follow, max-snippet:-1, max-image-preview:large, max-video-preview:-1\" \/>\n<link rel=\"canonical\" href=\"https:\/\/liine.ee\/fi\/tietosuojakaytanto\/\" \/>\n<meta property=\"og:locale\" content=\"fi_FI\" \/>\n<meta property=\"og:type\" content=\"article\" \/>\n<meta property=\"og:title\" content=\"TIETOSUOJAK\u00c4YT\u00c4NT\u00d6 - Liine-vierashuoneistot\" \/>\n<meta property=\"og:description\" content=\"Asiakkaiden parhaaksi palvelemiseksi ja sopimussuhteiden asianmukaisen hoitamiseksi LIINE-vierashuoneistot ker\u00e4\u00e4, tallentaa, toimittaa ja s\u00e4ilytt\u00e4\u00e4 asiakastietoja Viron tasavallan ja Euroopan unionin lains\u00e4\u00e4d\u00e4nn\u00f6n mukaisesti.\" \/>\n<meta property=\"og:url\" content=\"https:\/\/liine.ee\/fi\/tietosuojakaytanto\/\" \/>\n<meta property=\"og:site_name\" content=\"Liine majutus\" \/>\n<meta property=\"article:publisher\" content=\"https:\/\/www.facebook.com\/liineapartments\" \/>\n<meta property=\"article:modified_time\" content=\"2022-03-16T09:11:26+00:00\" \/>\n<meta name=\"twitter:card\" content=\"summary_large_image\" \/>\n<meta name=\"twitter:label1\" content=\"Arvioitu lukuaika\" \/>\n\t<meta name=\"twitter:data1\" content=\"2 minuuttia\" \/>\n<script type=\"application\/ld+json\" class=\"yoast-schema-graph\">{\"@context\":\"https:\/\/schema.org\",\"@graph\":[{\"@type\":\"WebPage\",\"@id\":\"https:\/\/liine.ee\/fi\/tietosuojakaytanto\/\",\"url\":\"https:\/\/liine.ee\/fi\/tietosuojakaytanto\/\",\"name\":\"TIETOSUOJAK\u00c4YT\u00c4NT\u00d6 - Liine-vierashuoneistot\",\"isPartOf\":{\"@id\":\"https:\/\/liine.ee\/#website\"},\"datePublished\":\"2022-02-10T11:34:06+00:00\",\"dateModified\":\"2022-03-16T09:11:26+00:00\",\"description\":\"Asiakkaiden parhaaksi palvelemiseksi ja sopimussuhteiden asianmukaisen hoitamiseksi LIINE-vierashuoneistot ker\u00e4\u00e4, tallentaa, toimittaa ja s\u00e4ilytt\u00e4\u00e4 asiakastietoja Viron tasavallan ja Euroopan unionin lains\u00e4\u00e4d\u00e4nn\u00f6n mukaisesti.\",\"breadcrumb\":{\"@id\":\"https:\/\/liine.ee\/fi\/tietosuojakaytanto\/#breadcrumb\"},\"inLanguage\":\"fi\",\"potentialAction\":[{\"@type\":\"ReadAction\",\"target\":[\"https:\/\/liine.ee\/fi\/tietosuojakaytanto\/\"]}]},{\"@type\":\"BreadcrumbList\",\"@id\":\"https:\/\/liine.ee\/fi\/tietosuojakaytanto\/#breadcrumb\",\"itemListElement\":[{\"@type\":\"ListItem\",\"position\":1,\"name\":\"Home\",\"item\":\"https:\/\/liine.ee\/\"},{\"@type\":\"ListItem\",\"position\":2,\"name\":\"LIINEN TIETOSUOJAK\u00c4YT\u00c4NT\u00d6\"}]},{\"@type\":\"WebSite\",\"@id\":\"https:\/\/liine.ee\/#website\",\"url\":\"https:\/\/liine.ee\/\",\"name\":\"Liine majutus\",\"description\":\"P\u00e4rnu kesklinna k\u00fclaliskorterid\",\"publisher\":{\"@id\":\"https:\/\/liine.ee\/#organization\"},\"potentialAction\":[{\"@type\":\"SearchAction\",\"target\":{\"@type\":\"EntryPoint\",\"urlTemplate\":\"https:\/\/liine.ee\/?s={search_term_string}\"},\"query-input\":\"required name=search_term_string\"}],\"inLanguage\":\"fi\"},{\"@type\":\"Organization\",\"@id\":\"https:\/\/liine.ee\/#organization\",\"name\":\"Liine k\u00fclaliskorterid\",\"url\":\"https:\/\/liine.ee\/\",\"logo\":{\"@type\":\"ImageObject\",\"inLanguage\":\"fi\",\"@id\":\"https:\/\/liine.ee\/#\/schema\/logo\/image\/\",\"url\":\"https:\/\/liine.ee\/wp-content\/uploads\/2022\/03\/11.png\",\"contentUrl\":\"https:\/\/liine.ee\/wp-content\/uploads\/2022\/03\/11.png\",\"width\":1500,\"height\":1500,\"caption\":\"Liine k\u00fclaliskorterid\"},\"image\":{\"@id\":\"https:\/\/liine.ee\/#\/schema\/logo\/image\/\"},\"sameAs\":[\"https:\/\/www.facebook.com\/liineapartments\",\"https:\/\/www.instagram.com\/liineapartments\/\"]}]}<\/script>\n<!-- \/ Yoast SEO plugin. -->","yoast_head_json":{"title":"TIETOSUOJAK\u00c4YT\u00c4NT\u00d6 - Liine-vierashuoneistot","description":"Asiakkaiden parhaaksi palvelemiseksi ja sopimussuhteiden asianmukaisen hoitamiseksi LIINE-vierashuoneistot ker\u00e4\u00e4, tallentaa, toimittaa ja s\u00e4ilytt\u00e4\u00e4 asiakastietoja Viron tasavallan ja Euroopan unionin lains\u00e4\u00e4d\u00e4nn\u00f6n mukaisesti.","robots":{"index":"index","follow":"follow","max-snippet":"max-snippet:-1","max-image-preview":"max-image-preview:large","max-video-preview":"max-video-preview:-1"},"canonical":"https:\/\/liine.ee\/fi\/tietosuojakaytanto\/","og_locale":"fi_FI","og_type":"article","og_title":"TIETOSUOJAK\u00c4YT\u00c4NT\u00d6 - Liine-vierashuoneistot","og_description":"Asiakkaiden parhaaksi palvelemiseksi ja sopimussuhteiden asianmukaisen hoitamiseksi LIINE-vierashuoneistot ker\u00e4\u00e4, tallentaa, toimittaa ja s\u00e4ilytt\u00e4\u00e4 asiakastietoja Viron tasavallan ja Euroopan unionin lains\u00e4\u00e4d\u00e4nn\u00f6n mukaisesti.","og_url":"https:\/\/liine.ee\/fi\/tietosuojakaytanto\/","og_site_name":"Liine majutus","article_publisher":"https:\/\/www.facebook.com\/liineapartments","article_modified_time":"2022-03-16T09:11:26+00:00","twitter_card":"summary_large_image","twitter_misc":{"Arvioitu lukuaika":"2 minuuttia"},"schema":{"@context":"https:\/\/schema.org","@graph":[{"@type":"WebPage","@id":"https:\/\/liine.ee\/fi\/tietosuojakaytanto\/","url":"https:\/\/liine.ee\/fi\/tietosuojakaytanto\/","name":"TIETOSUOJAK\u00c4YT\u00c4NT\u00d6 - Liine-vierashuoneistot","isPartOf":{"@id":"https:\/\/liine.ee\/#website"},"datePublished":"2022-02-10T11:34:06+00:00","dateModified":"2022-03-16T09:11:26+00:00","description":"Asiakkaiden parhaaksi palvelemiseksi ja sopimussuhteiden asianmukaisen hoitamiseksi LIINE-vierashuoneistot ker\u00e4\u00e4, tallentaa, toimittaa ja s\u00e4ilytt\u00e4\u00e4 asiakastietoja Viron tasavallan ja Euroopan unionin lains\u00e4\u00e4d\u00e4nn\u00f6n mukaisesti.","breadcrumb":{"@id":"https:\/\/liine.ee\/fi\/tietosuojakaytanto\/#breadcrumb"},"inLanguage":"fi","potentialAction":[{"@type":"ReadAction","target":["https:\/\/liine.ee\/fi\/tietosuojakaytanto\/"]}]},{"@type":"BreadcrumbList","@id":"https:\/\/liine.ee\/fi\/tietosuojakaytanto\/#breadcrumb","itemListElement":[{"@type":"ListItem","position":1,"name":"Home","item":"https:\/\/liine.ee\/"},{"@type":"ListItem","position":2,"name":"LIINEN TIETOSUOJAK\u00c4YT\u00c4NT\u00d6"}]},{"@type":"WebSite","@id":"https:\/\/liine.ee\/#website","url":"https:\/\/liine.ee\/","name":"Liine majutus","description":"P\u00e4rnu kesklinna k\u00fclaliskorterid","publisher":{"@id":"https:\/\/liine.ee\/#organization"},"potentialAction":[{"@type":"SearchAction","target":{"@type":"EntryPoint","urlTemplate":"https:\/\/liine.ee\/?s={search_term_string}"},"query-input":"required name=search_term_string"}],"inLanguage":"fi"},{"@type":"Organization","@id":"https:\/\/liine.ee\/#organization","name":"Liine k\u00fclaliskorterid","url":"https:\/\/liine.ee\/","logo":{"@type":"ImageObject","inLanguage":"fi","@id":"https:\/\/liine.ee\/#\/schema\/logo\/image\/","url":"https:\/\/liine.ee\/wp-content\/uploads\/2022\/03\/11.png","contentUrl":"https:\/\/liine.ee\/wp-content\/uploads\/2022\/03\/11.png","width":1500,"height":1500,"caption":"Liine k\u00fclaliskorterid"},"image":{"@id":"https:\/\/liine.ee\/#\/schema\/logo\/image\/"},"sameAs":["https:\/\/www.facebook.com\/liineapartments","https:\/\/www.instagram.com\/liineapartments\/"]}]}},"_links":{"self":[{"href":"https:\/\/liine.ee\/fi\/wp-json\/wp\/v2\/pages\/2188","targetHints":{"allow":["GET"]}}],"collection":[{"href":"https:\/\/liine.ee\/fi\/wp-json\/wp\/v2\/pages"}],"about":[{"href":"https:\/\/liine.ee\/fi\/wp-json\/wp\/v2\/types\/page"}],"author":[{"embeddable":true,"href":"https:\/\/liine.ee\/fi\/wp-json\/wp\/v2\/users\/1"}],"replies":[{"embeddable":true,"href":"https:\/\/liine.ee\/fi\/wp-json\/wp\/v2\/comments?post=2188"}],"version-history":[{"count":5,"href":"https:\/\/liine.ee\/fi\/wp-json\/wp\/v2\/pages\/2188\/revisions"}],"predecessor-version":[{"id":2194,"href":"https:\/\/liine.ee\/fi\/wp-json\/wp\/v2\/pages\/2188\/revisions\/2194"}],"wp:attachment":[{"href":"https:\/\/liine.ee\/fi\/wp-json\/wp\/v2\/media?parent=2188"}],"curies":[{"name":"wp","href":"https:\/\/api.w.org\/{rel}","templated":true}]}}