{"id":2178,"date":"2022-02-10T11:35:47","date_gmt":"2022-02-10T11:35:47","guid":{"rendered":"https:\/\/liine.ee\/muugitingimused\/"},"modified":"2022-03-16T09:06:32","modified_gmt":"2022-03-16T09:06:32","slug":"myyntiehdot","status":"publish","type":"page","link":"https:\/\/liine.ee\/fi\/myyntiehdot\/","title":{"rendered":"Myyntiehdot"},"content":{"rendered":"\t\t<div data-elementor-type=\"wp-page\" data-elementor-id=\"2178\" class=\"elementor elementor-2178 elementor-12\" data-elementor-post-type=\"page\">\n\t\t\t\t\t\t<section class=\"elementor-section elementor-top-section elementor-element elementor-element-9f3ce3d elementor-section-boxed elementor-section-height-default elementor-section-height-default\" data-id=\"9f3ce3d\" data-element_type=\"section\" data-settings=\"{&quot;jet_parallax_layout_list&quot;:[]}\">\n\t\t\t\t\t\t<div class=\"elementor-container elementor-column-gap-default\">\n\t\t\t\t\t<div class=\"elementor-column elementor-col-100 elementor-top-column elementor-element elementor-element-5f2ea06\" data-id=\"5f2ea06\" data-element_type=\"column\">\n\t\t\t<div class=\"elementor-widget-wrap elementor-element-populated\">\n\t\t\t\t\t\t<div class=\"elementor-element elementor-element-6217394 elementor-widget elementor-widget-text-editor\" data-id=\"6217394\" data-element_type=\"widget\" data-widget_type=\"text-editor.default\">\n\t\t\t\t<div class=\"elementor-widget-container\">\n\t\t\t<style>\/*! elementor - v3.23.0 - 05-08-2024 *\/\n.elementor-widget-text-editor.elementor-drop-cap-view-stacked .elementor-drop-cap{background-color:#69727d;color:#fff}.elementor-widget-text-editor.elementor-drop-cap-view-framed .elementor-drop-cap{color:#69727d;border:3px solid;background-color:transparent}.elementor-widget-text-editor:not(.elementor-drop-cap-view-default) .elementor-drop-cap{margin-top:8px}.elementor-widget-text-editor:not(.elementor-drop-cap-view-default) .elementor-drop-cap-letter{width:1em;height:1em}.elementor-widget-text-editor .elementor-drop-cap{float:left;text-align:center;line-height:1;font-size:50px}.elementor-widget-text-editor .elementor-drop-cap-letter{display:inline-block}<\/style>\t\t\t\t<p>R&amp;P O\u00dc (j\u00e4ljemp\u00e4n\u00e4 LIINE) tarjoaa majoituspalveluita P\u00e4rnussa osoitteessa Lai 15 ja Lai 15a.<\/p><p>N\u00e4m\u00e4 ehdot ovat voimassa asiakkaan ja LIINE:n <a href=\"http:\/\/www.liine.ee\/\">www.liine.ee<\/a> -ostosovelluksen omistajan R&amp;P O\u00dc:n kesken.<\/p><p>Ehdot koskevat kaikkia varaukseen ja majoitukseen liittyvi\u00e4 prosesseja. N\u00e4iden ehtojen lis\u00e4ksi LIINE-vierashuoneistojen varaussovelluksen kautta palveluita ja tuotteita ostettaessa syntyvi\u00e4 oikeussuhteita s\u00e4\u00e4telee Viron tasavallassa voimassa oleva lains\u00e4\u00e4d\u00e4nt\u00f6.<\/p><p>Varauksen tekemisell\u00e4 asiakas vahvistaa, ett\u00e4 h\u00e4n on lukenut ja hyv\u00e4ksynyt n\u00e4m\u00e4 ehdot, jotka l\u00f6ytyv\u00e4t LIINE:n verkkosivuilta ja t\u00e4st\u00e4 esitteest\u00e4.<\/p><p>\u00a0<\/p><ol><li><strong>JOHDANTO<\/strong><ul><li>LIINE:n varaussovelluksessa liiketoimia voivat suorittaa v\u00e4hint\u00e4\u00e4n 18-vuotiaat oikeustoimikelpoiset luonnolliset ja juridiset henkil\u00f6t.Henkil\u00f6n, joka ei t\u00e4yt\u00e4 vaatimuksia, tekemien tilausten seuraamuksista vastaa henkil\u00f6, jonka pankkitili\u00e4 tai luottokorttia k\u00e4ytt\u00e4m\u00e4ll\u00e4 on maksettu palvelun k\u00e4yt\u00f6st\u00e4.<br \/>LIINE:ll\u00e4 on oikeus peruuttaa varaus, mik\u00e4li varauksen tehnyt asiakas ei t\u00e4yt\u00e4 ehdoissa asetettuja vaatimuksia.<\/li><li>LIINE-vierashuoneistot ei myy alkoholia alle 18-vuotiaille asiakkaille.LIINE:ll\u00e4 on oikeus pyyt\u00e4\u00e4 henkil\u00f6llisyystodistusta henkil\u00f6n i\u00e4n toteamiseksi ja kielt\u00e4yty\u00e4 alaik\u00e4isen asiakkaan tilauksen hoitamisesta.Alaik\u00e4isen alkoholijuomaa sis\u00e4lt\u00e4vien lis\u00e4tilausten ennakkomaksu palautetaan vain alkoholijuoman hinnan verran sille, jonka pankkitili\u00e4 tai luottokorttia on k\u00e4ytetty palvelusta maksamiseen.<\/li><\/ul><\/li><\/ol><ol start=\"2\"><li><strong>VARAUKSET JA HINNAT<\/strong><ul><li>Asiakkaat voivat tehd\u00e4 varauksia LIINE:n verkkosivuilla www.liine.ee tai LIINE:n palveluja v\u00e4litt\u00e4v\u00e4n palveluntarjoajan kautta.<\/li><li>Asiakas vahvistaa, ett\u00e4 h\u00e4n on tietoinen saatavilla olevien palvelujen luonteesta, tarkoituksesta ja varaustavoista ja on saanut varauksen tekemiseen tarvittavat ja\/tai lis\u00e4tiedot.<\/li><li>Asiakas vahvistaa, ett\u00e4 on tutustunut valitsemiinsa palveluihin ja niiden sopivuuteen omiin tarpeisiinsa.<\/li><li>Asiakkaiden tulee t\u00e4ytt\u00e4\u00e4 kaikki vaaditut kent\u00e4t varauslomakkeessa ennen varauksen tekemist\u00e4.<\/li><li>Asiakas vahvistaa antamiensa tietojen oikeellisuuden ja oikeellisuuden.<\/li><li>Varaus katsotaan vahvistetuksi, kun ennakkomaksu on suoritettu ja asiakas on saanut varausvahvistuksen LIINE:lt\u00e4.<\/li><li>Kaikki hinnat ovat euroissa ja sis\u00e4lt\u00e4v\u00e4t Viron tasavallassa vahvistetun ALV:n.<\/li><li>Kaikki LIINE-vierashuoneistojen palvelujen hinnat n\u00e4kyv\u00e4t ennen varausta ja ne ovat voimassa vain asiakkaan valitsemina p\u00e4iv\u00e4m\u00e4\u00e4rin\u00e4 ja valitsemille henkil\u00f6m\u00e4\u00e4r\u00e4lle.<\/li><li>Vierashuoneiston varaus vahvistetaan ennakkomaksulla pankkilinkin tai luottokortin kautta. Varauksen yhteydess\u00e4 veloitamme maksukortiltasi majoituksen kokonaishinnan (sis\u00e4lt\u00e4en verot) ja vieraan valitsemien lis\u00e4palveluiden hinnan.<\/li><li><strong>Majoituksesta maks<\/strong><strong>aminen<\/strong><ul><li>Asiakkaiden tekemiss\u00e4 majoitusvarauksissa valitun palvelun koko hinta tulee maksaa etuk\u00e4teen. Varauksesta maksamalla asiakas vahvistaa, ett\u00e4 h\u00e4n on lukenut ja hyv\u00e4ksyy kaikki LIINE-verkkosivustolla olevat ehdot ja s\u00e4\u00e4nn\u00f6t.<\/li><li>Varaussivulla ilmoitettu summa maksetaan verkkopankkisiirrolla tai Visa- ja MasterCard- pankki- ja luottokorttimaksuilla.<ul><li>Pankkisiirrolla voi maksaa seuraavista pankeista: Swedbank, SEB, LHV, Luminor, Coop Pank, Citadele, \u0160iauli\u0173 Bankas, Medicinos Bankas, Nordea ja OP.<\/li><li>Heti siirron tai korttimaksun suorittamisen j\u00e4lkeen asiakkaan tulee painaa Takaisin kauppiaalle -painiketta rekister\u00f6id\u00e4kseen maksu v\u00e4litt\u00f6m\u00e4sti.<\/li><\/ul><\/li><\/ul><\/li><\/ul><\/li><\/ol><ol start=\"3\"><li><strong>PERUUTTAMINEN JA MUUTOKSET<\/strong><ul><li>Varauksen voi peruuttaa viisi p\u00e4iv\u00e4\u00e4 ennen saapumisp\u00e4iv\u00e4\u00e4 l\u00e4hett\u00e4m\u00e4ll\u00e4 ilmoituksen LIINE:n s\u00e4hk\u00f6postiin <a href=\"mailto:info@liine.ee\">info@liine.ee<\/a> tai <a href=\"mailto:booking@liine.ee\">booking@liine.ee<\/a>. T\u00e4ss\u00e4 tapauksessa LIINE palauttaa ennakkoon maksetun summan kokonaisuudessaan seitsem\u00e4n p\u00e4iv\u00e4n kuluessa vieraalta saadun peruutusilmoituksen vastaanottamisesta. Mik\u00e4li varaus peruutetaan viimeist\u00e4\u00e4n kolme p\u00e4iv\u00e4\u00e4 ennen saapumisp\u00e4iv\u00e4\u00e4, LIINE palauttaa ennakkomaksun 100 % samalle pankkitilille, jolta varaussumma on vastaanotettu. Mik\u00e4li asiakas ei saavu paikalle tai peruutetaan my\u00f6hemmin, takuumaksua ei palauteta.<\/li><li>Varauksen muuttamiseksi tulee l\u00e4hett\u00e4\u00e4 ilmoitus LIINE:n s\u00e4hk\u00f6postiosoitteeseen <a href=\"mailto:info@liine.ee\">info@liine.ee<\/a>.Varausta voidaan muuttaa enint\u00e4\u00e4n kolme p\u00e4iv\u00e4\u00e4 ennen saapumisp\u00e4iv\u00e4\u00e4. Kaikki my\u00f6hemm\u00e4t muutokset ovat mit\u00e4tt\u00f6mi\u00e4, eik\u00e4 takuumaksua palauteta. Varausta muutettaessa tulee ottaa huomioon, ett\u00e4 sek\u00e4 vierashuoneiston hinta ett\u00e4 sopivan vierasasunnon saatavuus ovat saattaneet muuttua.<\/li><li>Jos asiakas peruuttaa oleskelun aikana varauksensa ennen oleskelun p\u00e4\u00e4ttymist\u00e4, rahoja ei palauteta.<\/li><li>LIINE-vierashuoneistot ei ota takuurahaa, mutta varaa itselleen oikeuden nostaa vastaavan summan asiakkaan pankkitililt\u00e4 korvauksena vaurioituneesta huoneesta tai rikotuista tavaroista huoneen kuntoon saattamiseksi.<\/li><\/ul><\/li><\/ol><ol start=\"4\"><li><strong>LIS\u00c4TIETO<\/strong><ul><li>Sis\u00e4\u00e4nkirjautuminen LIINE-vierashuoneistoilla klo 15:00 alkaen.<\/li><li>Aikaisempi sis\u00e4\u00e4nkirjautuminen on mahdollista ainoastaan etuk\u00e4teen sovittaessa.<\/li><li>Uloskirjautuminen LIINE-vierashuoneistosta viimeist\u00e4\u00e4n klo 12:00. Jos haluat l\u00e4hte\u00e4 my\u00f6hemmin, ilmoita siit\u00e4 etuk\u00e4teen v\u00e4hint\u00e4\u00e4n 2 tuntia ennen uloskirjautumisen takarajaa.My\u00f6h\u00e4inen uloskirjautuminen on mahdollista ainoastaan etuk\u00e4teen sovittaessa, ja se on mahdollista klo 16:00 asti. Lis\u00e4maksu on 10 euroa jokaiselta lis\u00e4tunnilta. Mik\u00e4li asiakas ei ilmoita my\u00f6h\u00e4isest\u00e4 uloskirjautumisesta eik\u00e4 poistu ennen l\u00e4ht\u00f6aikaa, LIINE:ll\u00e4 on oikeus veloittaa asiakkaan pankkitililt\u00e4 maksu ylim\u00e4\u00e4r\u00e4iselt\u00e4 y\u00f6lt\u00e4.<\/li><li>Jos haluat pident\u00e4\u00e4 oleskeluasi, sinun tulee ilmoittaa asiasta v\u00e4hint\u00e4\u00e4n 12 tuntia ennen uloskirjautumista.<\/li><li>Kaikki varaukset ovat henkil\u00f6kohtaisia, eik\u00e4 niit\u00e4 voida siirt\u00e4\u00e4 toiselle henkil\u00f6lle maksua vastaan tai veloituksetta.<\/li><li>LIINE-huoneistoissa majoituksen varanneelle asiakkaalle l\u00e4hetet\u00e4\u00e4n pari p\u00e4iv\u00e4\u00e4 etuk\u00e4teen puhelinnumero, johon soittaminen avaa vierashuoneiston oven.T\u00e4m\u00e4 numero on aktiivinen koko k\u00e4ynnin ajan ja sit\u00e4 voidaan k\u00e4ytt\u00e4\u00e4 ainoastaan yhdistetyn puhelinnumeron kanssa.Jos haluat vaihtaa numeroa, ilmoita siit\u00e4 meille v\u00e4hint\u00e4\u00e4n kaksi p\u00e4iv\u00e4\u00e4 ennen saapumista.Sis\u00e4ll\u00e4 huoneistossa on my\u00f6s oven avain ja autotallin kaukos\u00e4\u00e4din, jotka asiakkaan tulee j\u00e4tt\u00e4\u00e4 samaan paikkaan l\u00e4htiess\u00e4\u00e4n.<\/li><li>Vierashuoneistosta uloskirjautumisen yhteydess\u00e4 asiakkaan tulee varmistaa, ett\u00e4 oven avain ja autotallin kaukos\u00e4\u00e4din ovat alkuper\u00e4isill\u00e4 paikoillaan vierashuoneistossa.Avaimen katoamisesta tai palauttamatta j\u00e4tt\u00e4misest\u00e4 seuraa hinnaston mukainen sopimussakko.<\/li><li>Poistuessasi varmistathan, ett\u00e4 k\u00e4ytetyt astiat ovat astianpesukoneessa ja ett\u00e4 astianpesukoneen pesuohjelma on k\u00e4ynnistetty.<\/li><li>Vierashuoneistosta poistuessasi varmistathan, ett\u00e4 kokonaisvaikutelma asunnosta on sama kuin sis\u00e4\u00e4nkirjautumisen yhteydess\u00e4.<\/li><li>Vierashuoneistosta poistuessasi varmistathan, ett\u00e4 kaikki henkil\u00f6kohtaiset tavarat ovat mukana.LIINE -vierashuoneiston tiimi ei vastaa asiakkaan asuntoon j\u00e4tt\u00e4mist\u00e4 henkil\u00f6kohtaisista tavaroista, rahasta, arvoesineist\u00e4 ja asiakirjoista.<\/li><li>Vierashuoneistosta poistuessaan asiakkaan tulee varmistaa, ett\u00e4 ovet ovat lukossa.<\/li><\/ul><\/li><\/ol><ol start=\"5\"><li><strong>HYV\u00c4T K\u00c4YT\u00c4NN\u00d6T<\/strong><ul><li>Asiakkaat vakuuttavat pit\u00e4v\u00e4ns\u00e4 LIINE-vierashuoneistoista hyv\u00e4\u00e4 huolta ja k\u00e4ytt\u00e4v\u00e4ns\u00e4 niit\u00e4 vastuullisesti.<\/li><li>Asunnossa olevien tavaroiden katoamisesta tai vahingoittumisesta tulee ilmoittaa v\u00e4litt\u00f6m\u00e4sti LIINE-tiimille.Mik\u00e4li tavarat katoavat tai vahingoittuvat asiakkaan syyst\u00e4, asiakas on t\u00e4st\u00e4 vastuussa ja velvollinen korvaamaan vahingon LIINE-majoitusliikkeen hinnaston mukaisesti.<\/li><li>Vierasasunnosta ei saa vied\u00e4 tavaroita mukaan.<\/li><li>Asuntoa tulee k\u00e4ytt\u00e4\u00e4 tarkoituksenmukaisesti ja pit\u00e4\u00e4 siistin\u00e4.Vett\u00e4 ja s\u00e4hk\u00f6\u00e4 tulee k\u00e4ytt\u00e4\u00e4 s\u00e4\u00e4steli\u00e4\u00e4sti.<\/li><li>LIINE ei vastaa sen vaikutusmahdollisuuksien ulkopuolella olevista vioista ja onnettomuuksista (esim. laitteiston tekniset viat, h\u00e4iri\u00f6t huoltopalveluissa tms.).<\/li><li>LIINE ei vastaa asiakkaiden henkil\u00f6kohtaisten tavaroiden katoamisesta.Huoneistoista l\u00f6ydetyist\u00e4 tavaroista ilmoitetaan asiakkaalle s\u00e4hk\u00f6postitse tai puhelimitse.L\u00f6ydettyj\u00e4 tavaroita s\u00e4ilytet\u00e4\u00e4n enint\u00e4\u00e4n kaksi viikkoa.<\/li><li>LIINE-vierasasunto ja koko rakennus on savuton.Tupakointi on sallittu ainoastaan siihen tarkoitetulla ja merkityll\u00e4 alueella, talon ulkopuolella.S\u00e4\u00e4nt\u00f6jen rikkomisesta seuraa 200 \u20ac sakko.<\/li><li>Vierashuoneistoissa ei saa j\u00e4rjest\u00e4\u00e4 juhlia tai muita tapahtumia.<\/li><li>Lemmikkiel\u00e4imet eiv\u00e4t ole sallittuja LIINE-vierashuoneistossa.S\u00e4\u00e4nt\u00f6jen rikkomisesta seuraa 200 euron sakko per lemmikki.<\/li><li>Y\u00f6rauha P\u00e4rnun kaupungissa alkaa talvikaudella klo 23:00 ja p\u00e4\u00e4ttyy klo 7:00 ja kes\u00e4kaudella alkaa keskiy\u00f6ll\u00e4 ja p\u00e4\u00e4ttyy klo 7:00.<\/li><li>Asiakkaan tulee varmistua huoneistosta poistuessaan, ett\u00e4 ovi on lukossa.<\/li><li>Jos sinulla on valituksia LIINE-vierashuoneiston palveluista, l\u00e4het\u00e4 ne kirjallisesti ennen uloskirjautumista.My\u00f6hempi\u00e4 reklamaatioita ei oteta huomioon.<\/li><\/ul><\/li><\/ol><ol start=\"6\"><li><strong>LUOTTAMUKSELLISUUS<\/strong><ul><li>S\u00e4hk\u00f6isess\u00e4 varaussovelluksessa tilauksen ja oston suorittamisen yhteydess\u00e4 annetut henkil\u00f6tiedot ovat luottamuksellisia.<\/li><li>LIINE ei luovuta asiakkaanhenkil\u00f6tietoja kolmansille osapuolille ilman asiakkaan suostumusta, paitsi laissa s\u00e4\u00e4detyiss\u00e4 tapauksissa.<\/li><li>Varausta tehdess\u00e4\u00e4n asiakas ilmoittaa tilauksen vahvistamiseksi pankkikorttitietonsa (kortin numero, voimassaoloaika ja turvakoodi) Montonio Finance O\u00dc:n maksusovelluksen kautta.Pankkikortin tulee olla voimassa oleskelun aikana.LIINE:ll\u00e4 on oikeus tarkistaa kortin voimassaolo korttipetosten est\u00e4miseksi.<\/li><li>LIINE on valinnut Montonio Finance O\u00dc:n turvallisen maksusovelluksen verkkomaksujen palveluntarjoajaksi.Maksukortit voidaan hyl\u00e4t\u00e4 useista syist\u00e4: varastettu tai estetty kortti, luottoraja ylittynyt, sy\u00f6tt\u00f6virhe tms.Maksuongelmissa asiakkaan tulee ottaa yhteytt\u00e4 sek\u00e4 LIINE-tiimiin ett\u00e4 pankkiinsa tilauksen ja maksutavan vahvistamiseksi.<\/li><li>Ennakkomaksulla veloitetaan asiakkaan maksukortilta majoituksen (sis\u00e4lt\u00e4en verot) ja asiakkaan valitsemien lis\u00e4palvelujen hinta.<\/li><\/ul><\/li><\/ol><ol start=\"7\"><li><strong>LAINS\u00c4\u00c4D\u00c4NT\u00d6<\/strong><ul><li>Asiakkaan ja LIINE-verkkovaraussovelluksen kautta palvelujen tai tuotteiden tilaamisesta ja ostamisesta syntyneet erimielisyydet ratkaistaan neuvottelemalla.Jos sopimukseen ei p\u00e4\u00e4st\u00e4, asiakkaalla on oikeus k\u00e4\u00e4nty\u00e4 kuluttajansuojalavirastoon oikeuksiensa turvaamiseksi.Erimielisyydet ja kysymykset, joita ei k\u00e4sitell\u00e4 n\u00e4iss\u00e4 ehdoissa, ratkaistaan Viron tasavallassa voimassa olevan lains\u00e4\u00e4d\u00e4nn\u00f6n mukaisesti.<\/li><li>LIINE voi muuttaa ja\/tai t\u00e4ydent\u00e4\u00e4 n\u00e4it\u00e4 ehtoja milloin tahansa.Siin\u00e4 tapauksessa LIINE julkaisee verkkosivuillaan uuden version ehdoista, jotka tulevat voimaan v\u00e4litt\u00f6m\u00e4sti, paitsi varausten osalta, jotka on tehty ennen uusien ehtojen julkaisup\u00e4iv\u00e4\u00e4 (aiempien varausten suhteen ovat voimassa varaushetkell\u00e4 voimassa olleet ehdot).<\/li><\/ul><\/li><\/ol><ol start=\"8\"><li><strong>TIEDOT<\/strong><\/li><\/ol><p><strong>R&amp;P O\u00dc<br \/>Rek.nro.<\/strong> <strong>11891410<br \/>IBAN EE527700771003185484<br \/>BIC\/SWIFT:<\/strong> <strong>LHVBEE22<br \/>VAT-nro.<\/strong> <strong>EE102307805<\/strong><\/p><p><a href=\"http:\/\/www.liine.ee\/\"><strong>www.liine.ee<\/strong><\/a><\/p><p><a href=\"mailto:booking@liine.ee\">booking@liine.ee<\/a><\/p><p>+372 5348 7655<\/p>\t\t\t\t\t\t<\/div>\n\t\t\t\t<\/div>\n\t\t\t\t\t<\/div>\n\t\t<\/div>\n\t\t\t\t\t<\/div>\n\t\t<\/section>\n\t\t\t\t<\/div>\n\t\t","protected":false},"excerpt":{"rendered":"<p>R&amp;P O\u00dc (edaspidi LIINE) pakub majutusteenust P\u00e4rnus aadressil Lai 15 ja Lai 15a. Siinsed tingimused kehtivad k\u00fclalise ja LIINE ostukeskkonna www.liine.ee omaniku R&amp;P O\u00dc vahel. Tingimused kajastavad k\u00f5iki broneerimise ja majutumisega seotud protsesse. Lisaks siinsetele tingimustele reguleerivad LIINE k\u00fclaliskorterite broneerimise keskkonna vahendusel teenuste ja toodete ostmisel tekkivaid \u00f5igussuhteid Eesti Vabariigis kehtivad \u00f5igusaktid. Broneeringu tegemisega kinnitab [&hellip;]<\/p>\n","protected":false},"author":1,"featured_media":0,"parent":0,"menu_order":0,"comment_status":"closed","ping_status":"closed","template":"","meta":{"footnotes":""},"class_list":["post-2178","page","type-page","status-publish","hentry"],"yoast_head":"<!-- This site is optimized with the Yoast SEO plugin v23.3 - https:\/\/yoast.com\/wordpress\/plugins\/seo\/ -->\n<title>Myyntiehdot - Liine vierashuoneistot<\/title>\n<meta name=\"description\" content=\"Ehdot koskevat kaikkia varaukseen ja majoitukseen liittyvi\u00e4 prosesseja. N\u00e4iden ehtojen lis\u00e4ksi LIINE-vierashuoneistojen varaussovelluksen kautta palveluita ja tuotteita ostettaessa syntyvi\u00e4 oikeussuhteita s\u00e4\u00e4telee Viron tasavallassa voimassa oleva lains\u00e4\u00e4d\u00e4nt\u00f6.\" \/>\n<meta name=\"robots\" content=\"index, follow, max-snippet:-1, max-image-preview:large, max-video-preview:-1\" \/>\n<link rel=\"canonical\" href=\"https:\/\/liine.ee\/fi\/myyntiehdot\/\" \/>\n<meta property=\"og:locale\" content=\"fi_FI\" \/>\n<meta property=\"og:type\" content=\"article\" \/>\n<meta property=\"og:title\" content=\"Myyntiehdot - Liine vierashuoneistot\" \/>\n<meta property=\"og:description\" content=\"Ehdot koskevat kaikkia varaukseen ja majoitukseen liittyvi\u00e4 prosesseja. N\u00e4iden ehtojen lis\u00e4ksi LIINE-vierashuoneistojen varaussovelluksen kautta palveluita ja tuotteita ostettaessa syntyvi\u00e4 oikeussuhteita s\u00e4\u00e4telee Viron tasavallassa voimassa oleva lains\u00e4\u00e4d\u00e4nt\u00f6.\" \/>\n<meta property=\"og:url\" content=\"https:\/\/liine.ee\/fi\/myyntiehdot\/\" \/>\n<meta property=\"og:site_name\" content=\"Liine majutus\" \/>\n<meta property=\"article:publisher\" content=\"https:\/\/www.facebook.com\/liineapartments\" \/>\n<meta property=\"article:modified_time\" content=\"2022-03-16T09:06:32+00:00\" \/>\n<meta name=\"twitter:card\" content=\"summary_large_image\" \/>\n<meta name=\"twitter:label1\" content=\"Arvioitu lukuaika\" \/>\n\t<meta name=\"twitter:data1\" content=\"6 minuuttia\" \/>\n<script type=\"application\/ld+json\" class=\"yoast-schema-graph\">{\"@context\":\"https:\/\/schema.org\",\"@graph\":[{\"@type\":\"WebPage\",\"@id\":\"https:\/\/liine.ee\/fi\/myyntiehdot\/\",\"url\":\"https:\/\/liine.ee\/fi\/myyntiehdot\/\",\"name\":\"Myyntiehdot - Liine vierashuoneistot\",\"isPartOf\":{\"@id\":\"https:\/\/liine.ee\/#website\"},\"datePublished\":\"2022-02-10T11:35:47+00:00\",\"dateModified\":\"2022-03-16T09:06:32+00:00\",\"description\":\"Ehdot koskevat kaikkia varaukseen ja majoitukseen liittyvi\u00e4 prosesseja. N\u00e4iden ehtojen lis\u00e4ksi LIINE-vierashuoneistojen varaussovelluksen kautta palveluita ja tuotteita ostettaessa syntyvi\u00e4 oikeussuhteita s\u00e4\u00e4telee Viron tasavallassa voimassa oleva lains\u00e4\u00e4d\u00e4nt\u00f6.\",\"breadcrumb\":{\"@id\":\"https:\/\/liine.ee\/fi\/myyntiehdot\/#breadcrumb\"},\"inLanguage\":\"fi\",\"potentialAction\":[{\"@type\":\"ReadAction\",\"target\":[\"https:\/\/liine.ee\/fi\/myyntiehdot\/\"]}]},{\"@type\":\"BreadcrumbList\",\"@id\":\"https:\/\/liine.ee\/fi\/myyntiehdot\/#breadcrumb\",\"itemListElement\":[{\"@type\":\"ListItem\",\"position\":1,\"name\":\"Home\",\"item\":\"https:\/\/liine.ee\/\"},{\"@type\":\"ListItem\",\"position\":2,\"name\":\"Myyntiehdot\"}]},{\"@type\":\"WebSite\",\"@id\":\"https:\/\/liine.ee\/#website\",\"url\":\"https:\/\/liine.ee\/\",\"name\":\"Liine majutus\",\"description\":\"P\u00e4rnu kesklinna k\u00fclaliskorterid\",\"publisher\":{\"@id\":\"https:\/\/liine.ee\/#organization\"},\"potentialAction\":[{\"@type\":\"SearchAction\",\"target\":{\"@type\":\"EntryPoint\",\"urlTemplate\":\"https:\/\/liine.ee\/?s={search_term_string}\"},\"query-input\":\"required name=search_term_string\"}],\"inLanguage\":\"fi\"},{\"@type\":\"Organization\",\"@id\":\"https:\/\/liine.ee\/#organization\",\"name\":\"Liine k\u00fclaliskorterid\",\"url\":\"https:\/\/liine.ee\/\",\"logo\":{\"@type\":\"ImageObject\",\"inLanguage\":\"fi\",\"@id\":\"https:\/\/liine.ee\/#\/schema\/logo\/image\/\",\"url\":\"https:\/\/liine.ee\/wp-content\/uploads\/2022\/03\/11.png\",\"contentUrl\":\"https:\/\/liine.ee\/wp-content\/uploads\/2022\/03\/11.png\",\"width\":1500,\"height\":1500,\"caption\":\"Liine k\u00fclaliskorterid\"},\"image\":{\"@id\":\"https:\/\/liine.ee\/#\/schema\/logo\/image\/\"},\"sameAs\":[\"https:\/\/www.facebook.com\/liineapartments\",\"https:\/\/www.instagram.com\/liineapartments\/\"]}]}<\/script>\n<!-- \/ Yoast SEO plugin. -->","yoast_head_json":{"title":"Myyntiehdot - Liine vierashuoneistot","description":"Ehdot koskevat kaikkia varaukseen ja majoitukseen liittyvi\u00e4 prosesseja. N\u00e4iden ehtojen lis\u00e4ksi LIINE-vierashuoneistojen varaussovelluksen kautta palveluita ja tuotteita ostettaessa syntyvi\u00e4 oikeussuhteita s\u00e4\u00e4telee Viron tasavallassa voimassa oleva lains\u00e4\u00e4d\u00e4nt\u00f6.","robots":{"index":"index","follow":"follow","max-snippet":"max-snippet:-1","max-image-preview":"max-image-preview:large","max-video-preview":"max-video-preview:-1"},"canonical":"https:\/\/liine.ee\/fi\/myyntiehdot\/","og_locale":"fi_FI","og_type":"article","og_title":"Myyntiehdot - Liine vierashuoneistot","og_description":"Ehdot koskevat kaikkia varaukseen ja majoitukseen liittyvi\u00e4 prosesseja. N\u00e4iden ehtojen lis\u00e4ksi LIINE-vierashuoneistojen varaussovelluksen kautta palveluita ja tuotteita ostettaessa syntyvi\u00e4 oikeussuhteita s\u00e4\u00e4telee Viron tasavallassa voimassa oleva lains\u00e4\u00e4d\u00e4nt\u00f6.","og_url":"https:\/\/liine.ee\/fi\/myyntiehdot\/","og_site_name":"Liine majutus","article_publisher":"https:\/\/www.facebook.com\/liineapartments","article_modified_time":"2022-03-16T09:06:32+00:00","twitter_card":"summary_large_image","twitter_misc":{"Arvioitu lukuaika":"6 minuuttia"},"schema":{"@context":"https:\/\/schema.org","@graph":[{"@type":"WebPage","@id":"https:\/\/liine.ee\/fi\/myyntiehdot\/","url":"https:\/\/liine.ee\/fi\/myyntiehdot\/","name":"Myyntiehdot - Liine vierashuoneistot","isPartOf":{"@id":"https:\/\/liine.ee\/#website"},"datePublished":"2022-02-10T11:35:47+00:00","dateModified":"2022-03-16T09:06:32+00:00","description":"Ehdot koskevat kaikkia varaukseen ja majoitukseen liittyvi\u00e4 prosesseja. N\u00e4iden ehtojen lis\u00e4ksi LIINE-vierashuoneistojen varaussovelluksen kautta palveluita ja tuotteita ostettaessa syntyvi\u00e4 oikeussuhteita s\u00e4\u00e4telee Viron tasavallassa voimassa oleva lains\u00e4\u00e4d\u00e4nt\u00f6.","breadcrumb":{"@id":"https:\/\/liine.ee\/fi\/myyntiehdot\/#breadcrumb"},"inLanguage":"fi","potentialAction":[{"@type":"ReadAction","target":["https:\/\/liine.ee\/fi\/myyntiehdot\/"]}]},{"@type":"BreadcrumbList","@id":"https:\/\/liine.ee\/fi\/myyntiehdot\/#breadcrumb","itemListElement":[{"@type":"ListItem","position":1,"name":"Home","item":"https:\/\/liine.ee\/"},{"@type":"ListItem","position":2,"name":"Myyntiehdot"}]},{"@type":"WebSite","@id":"https:\/\/liine.ee\/#website","url":"https:\/\/liine.ee\/","name":"Liine majutus","description":"P\u00e4rnu kesklinna k\u00fclaliskorterid","publisher":{"@id":"https:\/\/liine.ee\/#organization"},"potentialAction":[{"@type":"SearchAction","target":{"@type":"EntryPoint","urlTemplate":"https:\/\/liine.ee\/?s={search_term_string}"},"query-input":"required name=search_term_string"}],"inLanguage":"fi"},{"@type":"Organization","@id":"https:\/\/liine.ee\/#organization","name":"Liine k\u00fclaliskorterid","url":"https:\/\/liine.ee\/","logo":{"@type":"ImageObject","inLanguage":"fi","@id":"https:\/\/liine.ee\/#\/schema\/logo\/image\/","url":"https:\/\/liine.ee\/wp-content\/uploads\/2022\/03\/11.png","contentUrl":"https:\/\/liine.ee\/wp-content\/uploads\/2022\/03\/11.png","width":1500,"height":1500,"caption":"Liine k\u00fclaliskorterid"},"image":{"@id":"https:\/\/liine.ee\/#\/schema\/logo\/image\/"},"sameAs":["https:\/\/www.facebook.com\/liineapartments","https:\/\/www.instagram.com\/liineapartments\/"]}]}},"_links":{"self":[{"href":"https:\/\/liine.ee\/fi\/wp-json\/wp\/v2\/pages\/2178","targetHints":{"allow":["GET"]}}],"collection":[{"href":"https:\/\/liine.ee\/fi\/wp-json\/wp\/v2\/pages"}],"about":[{"href":"https:\/\/liine.ee\/fi\/wp-json\/wp\/v2\/types\/page"}],"author":[{"embeddable":true,"href":"https:\/\/liine.ee\/fi\/wp-json\/wp\/v2\/users\/1"}],"replies":[{"embeddable":true,"href":"https:\/\/liine.ee\/fi\/wp-json\/wp\/v2\/comments?post=2178"}],"version-history":[{"count":5,"href":"https:\/\/liine.ee\/fi\/wp-json\/wp\/v2\/pages\/2178\/revisions"}],"predecessor-version":[{"id":2185,"href":"https:\/\/liine.ee\/fi\/wp-json\/wp\/v2\/pages\/2178\/revisions\/2185"}],"wp:attachment":[{"href":"https:\/\/liine.ee\/fi\/wp-json\/wp\/v2\/media?parent=2178"}],"curies":[{"name":"wp","href":"https:\/\/api.w.org\/{rel}","templated":true}]}}