{"id":2152,"date":"2022-02-10T11:39:53","date_gmt":"2022-02-10T11:39:53","guid":{"rendered":"https:\/\/liine.ee\/kkk\/"},"modified":"2022-03-16T08:50:24","modified_gmt":"2022-03-16T08:50:24","slug":"usein-kysyttya","status":"publish","type":"page","link":"https:\/\/liine.ee\/fi\/usein-kysyttya\/","title":{"rendered":"UKK"},"content":{"rendered":"\t\t<div data-elementor-type=\"wp-page\" data-elementor-id=\"2152\" class=\"elementor elementor-2152 elementor-1515\" data-elementor-post-type=\"page\">\n\t\t\t\t\t\t<section class=\"elementor-section elementor-top-section elementor-element elementor-element-7cfbaca elementor-section-height-min-height elementor-section-boxed elementor-section-height-default elementor-section-items-middle\" data-id=\"7cfbaca\" data-element_type=\"section\" data-settings=\"{&quot;jet_parallax_layout_list&quot;:[{&quot;jet_parallax_layout_image&quot;:{&quot;url&quot;:&quot;&quot;,&quot;id&quot;:&quot;&quot;,&quot;size&quot;:&quot;&quot;},&quot;_id&quot;:&quot;46e22f1&quot;,&quot;jet_parallax_layout_image_tablet&quot;:{&quot;url&quot;:&quot;&quot;,&quot;id&quot;:&quot;&quot;,&quot;size&quot;:&quot;&quot;},&quot;jet_parallax_layout_image_mobile&quot;:{&quot;url&quot;:&quot;&quot;,&quot;id&quot;:&quot;&quot;,&quot;size&quot;:&quot;&quot;},&quot;jet_parallax_layout_speed&quot;:{&quot;unit&quot;:&quot;%&quot;,&quot;size&quot;:50,&quot;sizes&quot;:[]},&quot;jet_parallax_layout_type&quot;:&quot;scroll&quot;,&quot;jet_parallax_layout_direction&quot;:null,&quot;jet_parallax_layout_fx_direction&quot;:null,&quot;jet_parallax_layout_z_index&quot;:&quot;&quot;,&quot;jet_parallax_layout_bg_x&quot;:50,&quot;jet_parallax_layout_bg_x_tablet&quot;:&quot;&quot;,&quot;jet_parallax_layout_bg_x_mobile&quot;:&quot;&quot;,&quot;jet_parallax_layout_bg_y&quot;:50,&quot;jet_parallax_layout_bg_y_tablet&quot;:&quot;&quot;,&quot;jet_parallax_layout_bg_y_mobile&quot;:&quot;&quot;,&quot;jet_parallax_layout_bg_size&quot;:&quot;auto&quot;,&quot;jet_parallax_layout_bg_size_tablet&quot;:&quot;&quot;,&quot;jet_parallax_layout_bg_size_mobile&quot;:&quot;&quot;,&quot;jet_parallax_layout_animation_prop&quot;:&quot;transform&quot;,&quot;jet_parallax_layout_on&quot;:[&quot;desktop&quot;,&quot;tablet&quot;]}],&quot;background_background&quot;:&quot;classic&quot;}\">\n\t\t\t\t\t\t\t<div class=\"elementor-background-overlay\"><\/div>\n\t\t\t\t\t\t\t<div class=\"elementor-container elementor-column-gap-default\">\n\t\t\t\t\t<div class=\"elementor-column elementor-col-100 elementor-top-column elementor-element elementor-element-b087f1c\" data-id=\"b087f1c\" data-element_type=\"column\">\n\t\t\t<div class=\"elementor-widget-wrap elementor-element-populated\">\n\t\t\t\t\t\t<div class=\"elementor-element elementor-element-2aa35bc elementor-widget elementor-widget-heading\" data-id=\"2aa35bc\" data-element_type=\"widget\" data-widget_type=\"heading.default\">\n\t\t\t\t<div class=\"elementor-widget-container\">\n\t\t\t<style>\/*! elementor - v3.23.0 - 05-08-2024 *\/\n.elementor-heading-title{padding:0;margin:0;line-height:1}.elementor-widget-heading .elementor-heading-title[class*=elementor-size-]>a{color:inherit;font-size:inherit;line-height:inherit}.elementor-widget-heading .elementor-heading-title.elementor-size-small{font-size:15px}.elementor-widget-heading .elementor-heading-title.elementor-size-medium{font-size:19px}.elementor-widget-heading .elementor-heading-title.elementor-size-large{font-size:29px}.elementor-widget-heading .elementor-heading-title.elementor-size-xl{font-size:39px}.elementor-widget-heading .elementor-heading-title.elementor-size-xxl{font-size:59px}<\/style><h2 class=\"elementor-heading-title elementor-size-default\">USEIN KYSYTTY\u00c4<\/h2>\t\t<\/div>\n\t\t\t\t<\/div>\n\t\t\t\t\t<\/div>\n\t\t<\/div>\n\t\t\t\t\t<\/div>\n\t\t<\/section>\n\t\t\t\t<section class=\"elementor-section elementor-top-section elementor-element elementor-element-3718948 elementor-section-boxed elementor-section-height-default elementor-section-height-default\" data-id=\"3718948\" data-element_type=\"section\" data-settings=\"{&quot;jet_parallax_layout_list&quot;:[]}\">\n\t\t\t\t\t\t<div class=\"elementor-container elementor-column-gap-default\">\n\t\t\t\t\t<div class=\"elementor-column elementor-col-100 elementor-top-column elementor-element elementor-element-1cc6cca\" data-id=\"1cc6cca\" data-element_type=\"column\">\n\t\t\t<div class=\"elementor-widget-wrap elementor-element-populated\">\n\t\t\t\t\t\t<div class=\"elementor-element elementor-element-2edc2a0 elementor-widget elementor-widget-toggle\" data-id=\"2edc2a0\" data-element_type=\"widget\" data-widget_type=\"toggle.default\">\n\t\t\t\t<div class=\"elementor-widget-container\">\n\t\t\t<style>\/*! elementor - v3.23.0 - 05-08-2024 *\/\n.elementor-toggle{text-align:start}.elementor-toggle .elementor-tab-title{font-weight:700;line-height:1;margin:0;padding:15px;border-bottom:1px solid #d5d8dc;cursor:pointer;outline:none}.elementor-toggle .elementor-tab-title .elementor-toggle-icon{display:inline-block;width:1em}.elementor-toggle .elementor-tab-title .elementor-toggle-icon svg{margin-inline-start:-5px;width:1em;height:1em}.elementor-toggle .elementor-tab-title .elementor-toggle-icon.elementor-toggle-icon-right{float:right;text-align:right}.elementor-toggle .elementor-tab-title .elementor-toggle-icon.elementor-toggle-icon-left{float:left;text-align:left}.elementor-toggle .elementor-tab-title .elementor-toggle-icon .elementor-toggle-icon-closed{display:block}.elementor-toggle .elementor-tab-title .elementor-toggle-icon .elementor-toggle-icon-opened{display:none}.elementor-toggle .elementor-tab-title.elementor-active{border-bottom:none}.elementor-toggle .elementor-tab-title.elementor-active .elementor-toggle-icon-closed{display:none}.elementor-toggle .elementor-tab-title.elementor-active .elementor-toggle-icon-opened{display:block}.elementor-toggle .elementor-tab-content{padding:15px;border-bottom:1px solid #d5d8dc;display:none}@media (max-width:767px){.elementor-toggle .elementor-tab-title{padding:12px}.elementor-toggle .elementor-tab-content{padding:12px 10px}}.e-con-inner>.elementor-widget-toggle,.e-con>.elementor-widget-toggle{width:var(--container-widget-width);--flex-grow:var(--container-widget-flex-grow)}<\/style>\t\t<div class=\"elementor-toggle\">\n\t\t\t\t\t\t\t<div class=\"elementor-toggle-item\">\n\t\t\t\t\t<div id=\"elementor-tab-title-4911\" class=\"elementor-tab-title\" data-tab=\"1\" role=\"button\" aria-controls=\"elementor-tab-content-4911\" aria-expanded=\"false\">\n\t\t\t\t\t\t\t\t\t\t\t\t<span class=\"elementor-toggle-icon elementor-toggle-icon-left\" aria-hidden=\"true\">\n\t\t\t\t\t\t\t\t\t\t\t\t\t\t\t<span class=\"elementor-toggle-icon-closed\"><i class=\"fas fa-caret-right\"><\/i><\/span>\n\t\t\t\t\t\t\t\t<span class=\"elementor-toggle-icon-opened\"><i class=\"elementor-toggle-icon-opened fas fa-caret-up\"><\/i><\/span>\n\t\t\t\t\t\t\t\t\t\t\t\t\t<\/span>\n\t\t\t\t\t\t\t\t\t\t\t\t<a class=\"elementor-toggle-title\" tabindex=\"0\">Miss\u00e4 Liine-vierashuoneistot sijaitsevat?<\/a>\n\t\t\t\t\t<\/div>\n\n\t\t\t\t\t<div id=\"elementor-tab-content-4911\" class=\"elementor-tab-content elementor-clearfix\" data-tab=\"1\" role=\"region\" aria-labelledby=\"elementor-tab-title-4911\"><p>Liine-vierashuoneistot sijaitsevat P\u00e4rnun keskustassa (Lai 15 ja Lai 15a). Port Artur 2 on 200 metrin p\u00e4\u00e4ss\u00e4 ja P\u00e4rnun linja-autoasema 290 metrin p\u00e4\u00e4ss\u00e4.<\/p><\/div>\n\t\t\t\t<\/div>\n\t\t\t\t\t\t\t<div class=\"elementor-toggle-item\">\n\t\t\t\t\t<div id=\"elementor-tab-title-4912\" class=\"elementor-tab-title\" data-tab=\"2\" role=\"button\" aria-controls=\"elementor-tab-content-4912\" aria-expanded=\"false\">\n\t\t\t\t\t\t\t\t\t\t\t\t<span class=\"elementor-toggle-icon elementor-toggle-icon-left\" aria-hidden=\"true\">\n\t\t\t\t\t\t\t\t\t\t\t\t\t\t\t<span class=\"elementor-toggle-icon-closed\"><i class=\"fas fa-caret-right\"><\/i><\/span>\n\t\t\t\t\t\t\t\t<span class=\"elementor-toggle-icon-opened\"><i class=\"elementor-toggle-icon-opened fas fa-caret-up\"><\/i><\/span>\n\t\t\t\t\t\t\t\t\t\t\t\t\t<\/span>\n\t\t\t\t\t\t\t\t\t\t\t\t<a class=\"elementor-toggle-title\" tabindex=\"0\">Onko Liine-vierashuoneistossa pys\u00e4k\u00f6inti ilmaista?<\/a>\n\t\t\t\t\t<\/div>\n\n\t\t\t\t\t<div id=\"elementor-tab-content-4912\" class=\"elementor-tab-content elementor-clearfix\" data-tab=\"2\" role=\"region\" aria-labelledby=\"elementor-tab-title-4912\"><p>Kyll\u00e4, kaikissa Liine-vierashuoneistoissa on ilmainen pys\u00e4k\u00f6inti maanalaisessa suljetussa parkkihallissa.<\/p><\/div>\n\t\t\t\t<\/div>\n\t\t\t\t\t\t\t<div class=\"elementor-toggle-item\">\n\t\t\t\t\t<div id=\"elementor-tab-title-4913\" class=\"elementor-tab-title\" data-tab=\"3\" role=\"button\" aria-controls=\"elementor-tab-content-4913\" aria-expanded=\"false\">\n\t\t\t\t\t\t\t\t\t\t\t\t<span class=\"elementor-toggle-icon elementor-toggle-icon-left\" aria-hidden=\"true\">\n\t\t\t\t\t\t\t\t\t\t\t\t\t\t\t<span class=\"elementor-toggle-icon-closed\"><i class=\"fas fa-caret-right\"><\/i><\/span>\n\t\t\t\t\t\t\t\t<span class=\"elementor-toggle-icon-opened\"><i class=\"elementor-toggle-icon-opened fas fa-caret-up\"><\/i><\/span>\n\t\t\t\t\t\t\t\t\t\t\t\t\t<\/span>\n\t\t\t\t\t\t\t\t\t\t\t\t<a class=\"elementor-toggle-title\" tabindex=\"0\">Kuinka kirjaudun sis\u00e4\u00e4n ja ulos vierashuoneistosta?<\/a>\n\t\t\t\t\t<\/div>\n\n\t\t\t\t\t<div id=\"elementor-tab-content-4913\" class=\"elementor-tab-content elementor-clearfix\" data-tab=\"3\" role=\"region\" aria-labelledby=\"elementor-tab-title-4913\"><p>Liine-vierashuoneistoissa on k\u00e4tev\u00e4 avaimeton itsepalveluj\u00e4rjestelm\u00e4, joka mahdollistaa asiakkaiden saapumisen ja l\u00e4htemisen heille sopivaan aikaan. Sis\u00e4\u00e4n voi kirjautua klo 15:00 alkaen ja ulos klo 12:00 saakka, ellei toisin sovita.<\/p><\/div>\n\t\t\t\t<\/div>\n\t\t\t\t\t\t\t<div class=\"elementor-toggle-item\">\n\t\t\t\t\t<div id=\"elementor-tab-title-4914\" class=\"elementor-tab-title\" data-tab=\"4\" role=\"button\" aria-controls=\"elementor-tab-content-4914\" aria-expanded=\"false\">\n\t\t\t\t\t\t\t\t\t\t\t\t<span class=\"elementor-toggle-icon elementor-toggle-icon-left\" aria-hidden=\"true\">\n\t\t\t\t\t\t\t\t\t\t\t\t\t\t\t<span class=\"elementor-toggle-icon-closed\"><i class=\"fas fa-caret-right\"><\/i><\/span>\n\t\t\t\t\t\t\t\t<span class=\"elementor-toggle-icon-opened\"><i class=\"elementor-toggle-icon-opened fas fa-caret-up\"><\/i><\/span>\n\t\t\t\t\t\t\t\t\t\t\t\t\t<\/span>\n\t\t\t\t\t\t\t\t\t\t\t\t<a class=\"elementor-toggle-title\" tabindex=\"0\">Ovatko lemmikit sallittuja Liine-vierashuoneistoissa? <\/a>\n\t\t\t\t\t<\/div>\n\n\t\t\t\t\t<div id=\"elementor-tab-content-4914\" class=\"elementor-tab-content elementor-clearfix\" data-tab=\"4\" role=\"region\" aria-labelledby=\"elementor-tab-title-4914\"><p>Lemmikkiel\u00e4imet eiv\u00e4t ole sallittuja Liine-vierashuoneistossa. S\u00e4\u00e4nt\u00f6jen rikkomisesta seuraa 200 euron sakko per lemmikki.<\/p><\/div>\n\t\t\t\t<\/div>\n\t\t\t\t\t\t\t<div class=\"elementor-toggle-item\">\n\t\t\t\t\t<div id=\"elementor-tab-title-4915\" class=\"elementor-tab-title\" data-tab=\"5\" role=\"button\" aria-controls=\"elementor-tab-content-4915\" aria-expanded=\"false\">\n\t\t\t\t\t\t\t\t\t\t\t\t<span class=\"elementor-toggle-icon elementor-toggle-icon-left\" aria-hidden=\"true\">\n\t\t\t\t\t\t\t\t\t\t\t\t\t\t\t<span class=\"elementor-toggle-icon-closed\"><i class=\"fas fa-caret-right\"><\/i><\/span>\n\t\t\t\t\t\t\t\t<span class=\"elementor-toggle-icon-opened\"><i class=\"elementor-toggle-icon-opened fas fa-caret-up\"><\/i><\/span>\n\t\t\t\t\t\t\t\t\t\t\t\t\t<\/span>\n\t\t\t\t\t\t\t\t\t\t\t\t<a class=\"elementor-toggle-title\" tabindex=\"0\">Onko Liine-vierashuoneistoissa keitti\u00f6?<\/a>\n\t\t\t\t\t<\/div>\n\n\t\t\t\t\t<div id=\"elementor-tab-content-4915\" class=\"elementor-tab-content elementor-clearfix\" data-tab=\"5\" role=\"region\" aria-labelledby=\"elementor-tab-title-4915\"><p>Kaikissa Liine-vierashuoneistoissa t\u00e4ysin varusteltu keitti\u00f6 ja kaikki muut lomalla tarvittavat mukavuudet (mukaan lukien pesukone kuivausrummulla, h\u00f6yrysilitysrauta yms.). Katso vierasasuntojen tiedot Liinen verkkosivuilta <a href=\"https:\/\/liine.ee\/fi\/vierashuoneistot\/\">https:\/\/liine.ee\/fi\/vierashuoneistot\/<\/a><\/p><\/div>\n\t\t\t\t<\/div>\n\t\t\t\t\t\t\t\t<\/div>\n\t\t\t\t<\/div>\n\t\t\t\t<\/div>\n\t\t\t\t\t<\/div>\n\t\t<\/div>\n\t\t\t\t\t<\/div>\n\t\t<\/section>\n\t\t\t\t<\/div>\n\t\t","protected":false},"excerpt":{"rendered":"<p>USEIN KYSYTTY\u00c4 Miss\u00e4 Liine-vierashuoneistot sijaitsevat? Liine-vierashuoneistot sijaitsevat P\u00e4rnun keskustassa (Lai 15 ja Lai 15a). Port Artur 2 on 200 metrin p\u00e4\u00e4ss\u00e4 ja P\u00e4rnun linja-autoasema 290 metrin p\u00e4\u00e4ss\u00e4. Onko Liine-vierashuoneistossa pys\u00e4k\u00f6inti ilmaista? Kyll\u00e4, kaikissa Liine-vierashuoneistoissa on ilmainen pys\u00e4k\u00f6inti maanalaisessa suljetussa parkkihallissa. Kuinka kirjaudun sis\u00e4\u00e4n ja ulos vierashuoneistosta? Liine-vierashuoneistoissa on k\u00e4tev\u00e4 avaimeton itsepalveluj\u00e4rjestelm\u00e4, joka mahdollistaa asiakkaiden saapumisen [&hellip;]<\/p>\n","protected":false},"author":1,"featured_media":2118,"parent":0,"menu_order":0,"comment_status":"closed","ping_status":"closed","template":"elementor_header_footer","meta":{"footnotes":""},"class_list":["post-2152","page","type-page","status-publish","has-post-thumbnail","hentry"],"yoast_head":"<!-- This site is optimized with the Yoast SEO plugin v23.3 - https:\/\/yoast.com\/wordpress\/plugins\/seo\/ -->\n<title>UKK - Liine vierashuoneistot<\/title>\n<meta name=\"description\" content=\"Liine-vierashuoneistot sijaitsevat P\u00e4rnun keskustassa (Lai 15 ja Lai 15a). Port Artur 2 on 200 metrin p\u00e4\u00e4ss\u00e4 ja P\u00e4rnun linja-autoasema 290 metrin p\u00e4\u00e4ss\u00e4.\" \/>\n<meta name=\"robots\" content=\"index, follow, max-snippet:-1, max-image-preview:large, max-video-preview:-1\" \/>\n<link rel=\"canonical\" href=\"https:\/\/liine.ee\/fi\/usein-kysyttya\/\" \/>\n<meta property=\"og:locale\" content=\"fi_FI\" \/>\n<meta property=\"og:type\" content=\"article\" \/>\n<meta property=\"og:title\" content=\"UKK - Liine vierashuoneistot\" \/>\n<meta property=\"og:description\" content=\"Liine-vierashuoneistot sijaitsevat P\u00e4rnun keskustassa (Lai 15 ja Lai 15a). Port Artur 2 on 200 metrin p\u00e4\u00e4ss\u00e4 ja P\u00e4rnun linja-autoasema 290 metrin p\u00e4\u00e4ss\u00e4.\" \/>\n<meta property=\"og:url\" content=\"https:\/\/liine.ee\/fi\/usein-kysyttya\/\" \/>\n<meta property=\"og:site_name\" content=\"Liine majutus\" \/>\n<meta property=\"article:publisher\" content=\"https:\/\/www.facebook.com\/liineapartments\" \/>\n<meta property=\"article:modified_time\" content=\"2022-03-16T08:50:24+00:00\" \/>\n<meta property=\"og:image\" content=\"https:\/\/liine.ee\/wp-content\/uploads\/2022\/02\/Untitled-design.jpg\" \/>\n\t<meta property=\"og:image:width\" content=\"1640\" \/>\n\t<meta property=\"og:image:height\" content=\"924\" \/>\n\t<meta property=\"og:image:type\" content=\"image\/jpeg\" \/>\n<meta name=\"twitter:card\" content=\"summary_large_image\" \/>\n<meta name=\"twitter:label1\" content=\"Arvioitu lukuaika\" \/>\n\t<meta name=\"twitter:data1\" content=\"1 minuutti\" \/>\n<script type=\"application\/ld+json\" class=\"yoast-schema-graph\">{\"@context\":\"https:\/\/schema.org\",\"@graph\":[{\"@type\":\"WebPage\",\"@id\":\"https:\/\/liine.ee\/fi\/usein-kysyttya\/\",\"url\":\"https:\/\/liine.ee\/fi\/usein-kysyttya\/\",\"name\":\"UKK - Liine vierashuoneistot\",\"isPartOf\":{\"@id\":\"https:\/\/liine.ee\/#website\"},\"primaryImageOfPage\":{\"@id\":\"https:\/\/liine.ee\/fi\/usein-kysyttya\/#primaryimage\"},\"image\":{\"@id\":\"https:\/\/liine.ee\/fi\/usein-kysyttya\/#primaryimage\"},\"thumbnailUrl\":\"https:\/\/liine.ee\/wp-content\/uploads\/2022\/02\/Untitled-design.jpg\",\"datePublished\":\"2022-02-10T11:39:53+00:00\",\"dateModified\":\"2022-03-16T08:50:24+00:00\",\"description\":\"Liine-vierashuoneistot sijaitsevat P\u00e4rnun keskustassa (Lai 15 ja Lai 15a). Port Artur 2 on 200 metrin p\u00e4\u00e4ss\u00e4 ja P\u00e4rnun linja-autoasema 290 metrin p\u00e4\u00e4ss\u00e4.\",\"breadcrumb\":{\"@id\":\"https:\/\/liine.ee\/fi\/usein-kysyttya\/#breadcrumb\"},\"inLanguage\":\"fi\",\"potentialAction\":[{\"@type\":\"ReadAction\",\"target\":[\"https:\/\/liine.ee\/fi\/usein-kysyttya\/\"]}]},{\"@type\":\"ImageObject\",\"inLanguage\":\"fi\",\"@id\":\"https:\/\/liine.ee\/fi\/usein-kysyttya\/#primaryimage\",\"url\":\"https:\/\/liine.ee\/wp-content\/uploads\/2022\/02\/Untitled-design.jpg\",\"contentUrl\":\"https:\/\/liine.ee\/wp-content\/uploads\/2022\/02\/Untitled-design.jpg\",\"width\":1640,\"height\":924},{\"@type\":\"BreadcrumbList\",\"@id\":\"https:\/\/liine.ee\/fi\/usein-kysyttya\/#breadcrumb\",\"itemListElement\":[{\"@type\":\"ListItem\",\"position\":1,\"name\":\"Home\",\"item\":\"https:\/\/liine.ee\/\"},{\"@type\":\"ListItem\",\"position\":2,\"name\":\"UKK\"}]},{\"@type\":\"WebSite\",\"@id\":\"https:\/\/liine.ee\/#website\",\"url\":\"https:\/\/liine.ee\/\",\"name\":\"Liine majutus\",\"description\":\"P\u00e4rnu kesklinna k\u00fclaliskorterid\",\"publisher\":{\"@id\":\"https:\/\/liine.ee\/#organization\"},\"potentialAction\":[{\"@type\":\"SearchAction\",\"target\":{\"@type\":\"EntryPoint\",\"urlTemplate\":\"https:\/\/liine.ee\/?s={search_term_string}\"},\"query-input\":\"required name=search_term_string\"}],\"inLanguage\":\"fi\"},{\"@type\":\"Organization\",\"@id\":\"https:\/\/liine.ee\/#organization\",\"name\":\"Liine k\u00fclaliskorterid\",\"url\":\"https:\/\/liine.ee\/\",\"logo\":{\"@type\":\"ImageObject\",\"inLanguage\":\"fi\",\"@id\":\"https:\/\/liine.ee\/#\/schema\/logo\/image\/\",\"url\":\"https:\/\/liine.ee\/wp-content\/uploads\/2022\/03\/11.png\",\"contentUrl\":\"https:\/\/liine.ee\/wp-content\/uploads\/2022\/03\/11.png\",\"width\":1500,\"height\":1500,\"caption\":\"Liine k\u00fclaliskorterid\"},\"image\":{\"@id\":\"https:\/\/liine.ee\/#\/schema\/logo\/image\/\"},\"sameAs\":[\"https:\/\/www.facebook.com\/liineapartments\",\"https:\/\/www.instagram.com\/liineapartments\/\"]}]}<\/script>\n<!-- \/ Yoast SEO plugin. -->","yoast_head_json":{"title":"UKK - Liine vierashuoneistot","description":"Liine-vierashuoneistot sijaitsevat P\u00e4rnun keskustassa (Lai 15 ja Lai 15a). Port Artur 2 on 200 metrin p\u00e4\u00e4ss\u00e4 ja P\u00e4rnun linja-autoasema 290 metrin p\u00e4\u00e4ss\u00e4.","robots":{"index":"index","follow":"follow","max-snippet":"max-snippet:-1","max-image-preview":"max-image-preview:large","max-video-preview":"max-video-preview:-1"},"canonical":"https:\/\/liine.ee\/fi\/usein-kysyttya\/","og_locale":"fi_FI","og_type":"article","og_title":"UKK - Liine vierashuoneistot","og_description":"Liine-vierashuoneistot sijaitsevat P\u00e4rnun keskustassa (Lai 15 ja Lai 15a). Port Artur 2 on 200 metrin p\u00e4\u00e4ss\u00e4 ja P\u00e4rnun linja-autoasema 290 metrin p\u00e4\u00e4ss\u00e4.","og_url":"https:\/\/liine.ee\/fi\/usein-kysyttya\/","og_site_name":"Liine majutus","article_publisher":"https:\/\/www.facebook.com\/liineapartments","article_modified_time":"2022-03-16T08:50:24+00:00","og_image":[{"width":1640,"height":924,"url":"https:\/\/liine.ee\/wp-content\/uploads\/2022\/02\/Untitled-design.jpg","type":"image\/jpeg"}],"twitter_card":"summary_large_image","twitter_misc":{"Arvioitu lukuaika":"1 minuutti"},"schema":{"@context":"https:\/\/schema.org","@graph":[{"@type":"WebPage","@id":"https:\/\/liine.ee\/fi\/usein-kysyttya\/","url":"https:\/\/liine.ee\/fi\/usein-kysyttya\/","name":"UKK - Liine vierashuoneistot","isPartOf":{"@id":"https:\/\/liine.ee\/#website"},"primaryImageOfPage":{"@id":"https:\/\/liine.ee\/fi\/usein-kysyttya\/#primaryimage"},"image":{"@id":"https:\/\/liine.ee\/fi\/usein-kysyttya\/#primaryimage"},"thumbnailUrl":"https:\/\/liine.ee\/wp-content\/uploads\/2022\/02\/Untitled-design.jpg","datePublished":"2022-02-10T11:39:53+00:00","dateModified":"2022-03-16T08:50:24+00:00","description":"Liine-vierashuoneistot sijaitsevat P\u00e4rnun keskustassa (Lai 15 ja Lai 15a). Port Artur 2 on 200 metrin p\u00e4\u00e4ss\u00e4 ja P\u00e4rnun linja-autoasema 290 metrin p\u00e4\u00e4ss\u00e4.","breadcrumb":{"@id":"https:\/\/liine.ee\/fi\/usein-kysyttya\/#breadcrumb"},"inLanguage":"fi","potentialAction":[{"@type":"ReadAction","target":["https:\/\/liine.ee\/fi\/usein-kysyttya\/"]}]},{"@type":"ImageObject","inLanguage":"fi","@id":"https:\/\/liine.ee\/fi\/usein-kysyttya\/#primaryimage","url":"https:\/\/liine.ee\/wp-content\/uploads\/2022\/02\/Untitled-design.jpg","contentUrl":"https:\/\/liine.ee\/wp-content\/uploads\/2022\/02\/Untitled-design.jpg","width":1640,"height":924},{"@type":"BreadcrumbList","@id":"https:\/\/liine.ee\/fi\/usein-kysyttya\/#breadcrumb","itemListElement":[{"@type":"ListItem","position":1,"name":"Home","item":"https:\/\/liine.ee\/"},{"@type":"ListItem","position":2,"name":"UKK"}]},{"@type":"WebSite","@id":"https:\/\/liine.ee\/#website","url":"https:\/\/liine.ee\/","name":"Liine majutus","description":"P\u00e4rnu kesklinna k\u00fclaliskorterid","publisher":{"@id":"https:\/\/liine.ee\/#organization"},"potentialAction":[{"@type":"SearchAction","target":{"@type":"EntryPoint","urlTemplate":"https:\/\/liine.ee\/?s={search_term_string}"},"query-input":"required name=search_term_string"}],"inLanguage":"fi"},{"@type":"Organization","@id":"https:\/\/liine.ee\/#organization","name":"Liine k\u00fclaliskorterid","url":"https:\/\/liine.ee\/","logo":{"@type":"ImageObject","inLanguage":"fi","@id":"https:\/\/liine.ee\/#\/schema\/logo\/image\/","url":"https:\/\/liine.ee\/wp-content\/uploads\/2022\/03\/11.png","contentUrl":"https:\/\/liine.ee\/wp-content\/uploads\/2022\/03\/11.png","width":1500,"height":1500,"caption":"Liine k\u00fclaliskorterid"},"image":{"@id":"https:\/\/liine.ee\/#\/schema\/logo\/image\/"},"sameAs":["https:\/\/www.facebook.com\/liineapartments","https:\/\/www.instagram.com\/liineapartments\/"]}]}},"_links":{"self":[{"href":"https:\/\/liine.ee\/fi\/wp-json\/wp\/v2\/pages\/2152","targetHints":{"allow":["GET"]}}],"collection":[{"href":"https:\/\/liine.ee\/fi\/wp-json\/wp\/v2\/pages"}],"about":[{"href":"https:\/\/liine.ee\/fi\/wp-json\/wp\/v2\/types\/page"}],"author":[{"embeddable":true,"href":"https:\/\/liine.ee\/fi\/wp-json\/wp\/v2\/users\/1"}],"replies":[{"embeddable":true,"href":"https:\/\/liine.ee\/fi\/wp-json\/wp\/v2\/comments?post=2152"}],"version-history":[{"count":5,"href":"https:\/\/liine.ee\/fi\/wp-json\/wp\/v2\/pages\/2152\/revisions"}],"predecessor-version":[{"id":2160,"href":"https:\/\/liine.ee\/fi\/wp-json\/wp\/v2\/pages\/2152\/revisions\/2160"}],"wp:featuredmedia":[{"embeddable":true,"href":"https:\/\/liine.ee\/fi\/wp-json\/wp\/v2\/media\/2118"}],"wp:attachment":[{"href":"https:\/\/liine.ee\/fi\/wp-json\/wp\/v2\/media?parent=2152"}],"curies":[{"name":"wp","href":"https:\/\/api.w.org\/{rel}","templated":true}]}}